{"id":159,"date":"2024-10-22T18:42:46","date_gmt":"2024-10-22T18:42:46","guid":{"rendered":"https:\/\/engage.com.mx\/rcv\/?page_id=159"},"modified":"2024-10-22T18:56:28","modified_gmt":"2024-10-22T18:56:28","slug":"aviso-de-privacidad","status":"publish","type":"page","link":"https:\/\/engage.com.mx\/rcv\/aviso-de-privacidad\/","title":{"rendered":"Aviso de privacidad"},"content":{"rendered":"<p>[et_pb_section fb_built=&#8221;1&#8243; theme_builder_area=&#8221;post_content&#8221; _builder_version=&#8221;4.27.2&#8243; _module_preset=&#8221;default&#8221;][et_pb_row _builder_version=&#8221;4.27.2&#8243; _module_preset=&#8221;default&#8221; theme_builder_area=&#8221;post_content&#8221;][et_pb_column _builder_version=&#8221;4.27.2&#8243; _module_preset=&#8221;default&#8221; type=&#8221;4_4&#8243; theme_builder_area=&#8221;post_content&#8221;][et_pb_heading title=&#8221;AVISO DE PRIVACIDAD&#8221; _builder_version=&#8221;4.27.2&#8243; _module_preset=&#8221;default&#8221; theme_builder_area=&#8221;post_content&#8221; hover_enabled=&#8221;0&#8243; sticky_enabled=&#8221;0&#8243;][\/et_pb_heading][et_pb_text _builder_version=&#8221;4.27.2&#8243; _module_preset=&#8221;default&#8221; theme_builder_area=&#8221;post_content&#8221; hover_enabled=&#8221;0&#8243; sticky_enabled=&#8221;0&#8243; text_orientation=&#8221;justified&#8221;]<\/p>\n<p>VIADAMIA S. DE R.L. DE C.V., mejor conocido como VIAJES RCV, con domicilio en calle SEGUNDA #300-4, colonia CENTRO, ciudad ENSENADA, municipio o delegaci\u00f3n ENSENADA, c.p. 22800, en la entidad de BAJA CALIFORNIA, pa\u00eds M\u00c9XICO, y portal de internet www.rcv.mx, es el responsable del uso y protecci\u00f3n de sus datos personales, y al respecto le informamos lo siguiente:<\/p>\n<p><strong>\u00bfPara qu\u00e9 fines utilizaremos sus datos personales?<\/strong><\/p>\n<p>De manera adicional, utilizaremos su informaci\u00f3n personal para las siguientes finalidades secundarias que no son necesarias para el servicio solicitado, pero que nos permiten y facilitan brindarle una mejor atenci\u00f3n:<\/p>\n<p>PARA EFECTOS FISCALES<br \/>PARA PRESTACI\u00d3N DE SERVICIOS<br \/>Mercadotecnia o publicitaria<br \/>Prospecci\u00f3n comercial<\/p>\n<p>En caso de que no desee que sus datos personales se utilicen para estos fines secundarios, ind\u00edquelo a continuaci\u00f3n:<\/p>\n<p>No consiento que mis datos personales se utilicen para los siguientes fines:<\/p>\n<p>[ ] PARA EFECTOS FISCALES<br \/>[ ] PARA PRESTACI\u00d3N DE SERVICIOS<br \/>[ ] Mercadotecnia o publicitaria<br \/>[ ] Prospecci\u00f3n comercial<\/p>\n<p>La negativa para el uso de sus datos personales para estas finalidades no podr\u00e1 ser un motivo para que le neguemos los servicios y productos que solicita o contrata con nosotros.<\/p>\n<p><strong>\u00bfQu\u00e9 datos personales utilizaremos para estos fines?<\/strong><\/p>\n<p>Para llevar a cabo las finalidades descritas en el presente aviso de privacidad, utilizaremos los siguientes datos personales:<\/p>\n<ul>\n<li>Nombre<\/li>\n<li>Registro Federal de Contribuyentes(RFC)<\/li>\n<li>Lugar de nacimiento<\/li>\n<li>Fecha de nacimiento<\/li>\n<li>Nacionalidad<\/li>\n<li>Domicilio<\/li>\n<li>Tel\u00e9fono particular<\/li>\n<li>Tel\u00e9fono celular<\/li>\n<li>Correo electr\u00f3nico<\/li>\n<li>Firma aut\u00f3grafa<\/li>\n<li>Edad<\/li>\n<li>Fotograf\u00eda<\/li>\n<li>Puesto o cargo que desempe\u00f1a<\/li>\n<li>Domicilio de trabajo<\/li>\n<li>Correo electr\u00f3nico institucional<\/li>\n<li>Tel\u00e9fono institucional<\/li>\n<li>Referencias laborales<\/li>\n<li>Trayectoria educativa<\/li>\n<li>Certificados<\/li>\n<li>Reconocimientos<\/li>\n<li>Entradas al pa\u00eds<\/li>\n<li>Salidas del pa\u00eds<\/li>\n<\/ul>\n<p><strong>\u00bfCon qui\u00e9n compartimos su informaci\u00f3n personal y para qu\u00e9 fines?<\/strong><\/p>\n<p>Le informamos que sus datos personales son compartidos dentro y fuera del pa\u00eds con las siguientes personas, empresas, organizaciones o autoridades distintas a nosotros, para los siguientes fines:<\/p>\n<table border=\"1\" style=\"border-collapse: collapse; width: 100%;\">\n<tbody>\n<tr>\n<td style=\"width: 33.3333%;\"><strong>Destinatario de los datos personales<\/strong><\/td>\n<td style=\"width: 33.3333%;\"><strong>Finalidad<\/strong><\/td>\n<td style=\"width: 33.3333%;\"><strong>Requiere del consentimiento<\/strong><\/td>\n<\/tr>\n<tr>\n<td style=\"width: 33.3333%;\">AEROL\u00cdNEAS<\/td>\n<td style=\"width: 33.3333%;\">PRESTACI\u00d3N DE SERVICIOS<\/td>\n<td style=\"width: 33.3333%;\">SI<\/td>\n<\/tr>\n<\/tbody>\n<\/table>\n<p>Con relaci\u00f3n a las transferencias que requieren de su consentimiento, por favor indique a continuaci\u00f3n si nos lo otorga:<\/p>\n<p>Otorgo mi consentimiento para las siguientes transferencias de mis datos personales:<\/p>\n<table border=\"1\" style=\"border-collapse: collapse; width: 100%;\">\n<tbody>\n<tr>\n<td style=\"width: 33.3333%;\"><strong>Destinatario de los datos personales<\/strong><\/td>\n<td style=\"width: 33.3333%;\"><strong>Finalidad<\/strong><\/td>\n<td style=\"width: 33.3333%;\"><strong>Selecciona<\/strong><\/td>\n<\/tr>\n<tr>\n<td style=\"width: 33.3333%;\">AEROL\u00cdNEAS<\/td>\n<td style=\"width: 33.3333%;\">PRESTACI\u00d3N DE SERVICIOS<\/td>\n<td style=\"width: 33.3333%;\"><\/td>\n<\/tr>\n<\/tbody>\n<\/table>\n<p><strong>\u00bfC\u00f3mo puede acceder, rectificar o cancelar sus datos personales, u oponerse a su uso?<\/strong><\/p>\n<p>Usted tiene derecho a conocer qu\u00e9 datos personales tenemos de usted, para qu\u00e9 los utilizamos y las condiciones del uso que les damos (Acceso). Asimismo, es su derecho solicitar la correcci\u00f3n de su informaci\u00f3n personal en caso de que est\u00e9 desactualizada, sea inexacta o incompleta (Rectificaci\u00f3n); que la eliminemos de nuestros registros o bases de datos cuando considere que la misma no est\u00e1 siendo utilizada adecuadamente (Cancelaci\u00f3n); as\u00ed como oponerse al uso de sus datos personales para fines espec\u00edficos (Oposici\u00f3n). Estos derechos se conocen como derechos ARCO.<\/p>\n<p>Para el ejercicio de cualquiera de los derechos ARCO, usted deber\u00e1 presentar la solicitud respectiva a trav\u00e9s del siguiente medio:<\/p>\n<p>TELEF\u00d3NICA Y MEDIO ELECTR\u00d3NICO<\/p>\n<p>Para conocer el procedimiento y requisitos para el ejercicio de los derechos ARCO, ponemos a su disposici\u00f3n el siguiente medio:<\/p>\n<p>POR ESCRITO O MEDIO ELECTR\u00d3NICO<\/p>\n<p>Los datos de contacto de la persona o departamento de datos personales, que est\u00e1 a cargo de dar tr\u00e1mite a las solicitudes de derechos ARCO, son los siguientes:<\/p>\n<p>a) Nombre de la persona o departamento de datos personales: ANA CRISTINA OSUNA ROMERO<br \/>b) Domicilio: calle SEGUNDA #300-4, colonia CENTRO, ciudad ENSENADA, municipio o delegaci\u00f3n ENSENADA, c.p. 22800, en la entidad de BAJA CALIFORNIA, pa\u00eds M\u00c9XICO.<br \/>c) Correo electr\u00f3nico: admin@rcv.mx<br \/>d) N\u00famero telef\u00f3nico: 6461782211<\/p>\n<p><strong>Usted puede revocar su consentimiento para el uso de sus datos personales<\/strong><\/p>\n<p>Usted puede revocar el consentimiento que, en su caso, nos haya otorgado para el tratamiento de sus datos personales. Sin embargo, es importante que tenga en cuenta que no en todos los casos podremos atender su solicitud o concluir el uso de forma inmediata, ya que es posible que por alguna obligaci\u00f3n legal requiramos seguir tratando sus datos personales. Asimismo, usted deber\u00e1 considerar que para ciertos fines, la revocaci\u00f3n de su consentimiento implicar\u00e1 que no le podamos seguir prestando el servicio que nos solicit\u00f3, o la conclusi\u00f3n de su relaci\u00f3n con nosotros.<\/p>\n<p>Para revocar su consentimiento deber\u00e1 presentar su solicitud a trav\u00e9s del siguiente medio:<\/p>\n<p>POR ESCRITO O MEDIO ELECTR\u00d3NICO<\/p>\n<p>Para conocer el procedimiento y requisitos para la revocaci\u00f3n del consentimiento, ponemos a su disposici\u00f3n el siguiente medio:<\/p>\n<p>ESCRITO O MEDIO ELECTR\u00d3NICO<\/p>\n<p><strong>\u00bfC\u00f3mo puede limitar el uso o divulgaci\u00f3n de su informaci\u00f3n personal?<\/strong><\/p>\n<p>Con objeto de que usted pueda limitar el uso y divulgaci\u00f3n de su informaci\u00f3n personal, le ofrecemos los siguientes medios:<\/p>\n<p>ESCRITO O MEDIO ELECTR\u00d3NICO<\/p>\n<p><strong>\u00bfC\u00f3mo puede conocer los cambios en este aviso de privacidad?<\/strong><\/p>\n<p>El presente aviso de privacidad puede sufrir modificaciones, cambios o actualizaciones derivadas de nuevos requerimientos legales; de nuestras propias necesidades por los productos o servicios que ofrecemos; de nuestras pr\u00e1cticas de privacidad; de cambios en nuestro modelo de negocio, o por otras causas.<\/p>\n<p>Nos comprometemos a mantenerlo informado sobre los cambios que pueda sufrir el presente aviso de privacidad, a trav\u00e9s de: POR ESCRITO Y MEDIOS ELECTR\u00d3NICOS.<\/p>\n<p>El procedimiento a trav\u00e9s del cual se llevar\u00e1n a cabo las notificaciones sobre cambios o actualizaciones al presente aviso de privacidad es el siguiente:<\/p>\n<p>ENV\u00cdO DE CAMBIOS Y ACTUALIZACIONES DEL AVISO DE PRIVACIDAD<\/p>\n<p>[\/et_pb_text][et_pb_text _builder_version=&#8221;4.27.2&#8243; _module_preset=&#8221;default&#8221; theme_builder_area=&#8221;post_content&#8221; hover_enabled=&#8221;0&#8243; sticky_enabled=&#8221;0&#8243;]<\/p>\n<p style=\"text-align: right;\">\u00daltima actualizaci\u00f3n: 06\/02\/2015<\/p>\n<p>[\/et_pb_text][\/et_pb_column][\/et_pb_row][\/et_pb_section]<\/p>\n","protected":false},"excerpt":{"rendered":"<p>VIADAMIA S. DE R.L. DE C.V., mejor conocido como VIAJES RCV, con domicilio en calle SEGUNDA #300-4, colonia CENTRO, ciudad ENSENADA, municipio o delegaci\u00f3n ENSENADA, c.p. 22800, en la entidad de BAJA CALIFORNIA, pa\u00eds M\u00c9XICO, y portal de internet www.rcv.mx, es el responsable del uso y protecci\u00f3n de sus datos personales, y al respecto le [&hellip;]<\/p>\n","protected":false},"author":2,"featured_media":0,"parent":0,"menu_order":0,"comment_status":"closed","ping_status":"closed","template":"","meta":{"_et_pb_use_builder":"on","_et_pb_old_content":"","_et_gb_content_width":"","footnotes":""},"class_list":["post-159","page","type-page","status-publish","hentry"],"_links":{"self":[{"href":"https:\/\/engage.com.mx\/rcv\/wp-json\/wp\/v2\/pages\/159","targetHints":{"allow":["GET"]}}],"collection":[{"href":"https:\/\/engage.com.mx\/rcv\/wp-json\/wp\/v2\/pages"}],"about":[{"href":"https:\/\/engage.com.mx\/rcv\/wp-json\/wp\/v2\/types\/page"}],"author":[{"embeddable":true,"href":"https:\/\/engage.com.mx\/rcv\/wp-json\/wp\/v2\/users\/2"}],"replies":[{"embeddable":true,"href":"https:\/\/engage.com.mx\/rcv\/wp-json\/wp\/v2\/comments?post=159"}],"version-history":[{"count":3,"href":"https:\/\/engage.com.mx\/rcv\/wp-json\/wp\/v2\/pages\/159\/revisions"}],"predecessor-version":[{"id":165,"href":"https:\/\/engage.com.mx\/rcv\/wp-json\/wp\/v2\/pages\/159\/revisions\/165"}],"wp:attachment":[{"href":"https:\/\/engage.com.mx\/rcv\/wp-json\/wp\/v2\/media?parent=159"}],"curies":[{"name":"wp","href":"https:\/\/api.w.org\/{rel}","templated":true}]}}